{"id":2859,"date":"2015-11-17T14:18:12","date_gmt":"2015-11-17T14:18:12","guid":{"rendered":"http:\/\/chandelier.elated-themes.com\/?page_id=2859"},"modified":"2022-09-20T09:35:03","modified_gmt":"2022-09-20T09:35:03","slug":"contact-wide","status":"publish","type":"page","link":"https:\/\/luxuryportugal.pt\/","title":{"rendered":"Luxury Portugal | Comunica\u00e7\u00e3o de Marcas de Luxo Not\u00edcias Tv, Revista"},"content":{"rendered":"","protected":false},"excerpt":{"rendered":"","protected":false},"author":1,"featured_media":0,"parent":445,"menu_order":12,"comment_status":"closed","ping_status":"closed","template":"full-width.php","meta":{"footnotes":""},"class_list":["post-2859","page","type-page","status-publish","hentry"],"_links":{"self":[{"href":"https:\/\/luxuryportugal.pt\/index.php?rest_route=\/wp\/v2\/pages\/2859","targetHints":{"allow":["GET"]}}],"collection":[{"href":"https:\/\/luxuryportugal.pt\/index.php?rest_route=\/wp\/v2\/pages"}],"about":[{"href":"https:\/\/luxuryportugal.pt\/index.php?rest_route=\/wp\/v2\/types\/page"}],"author":[{"embeddable":true,"href":"https:\/\/luxuryportugal.pt\/index.php?rest_route=\/wp\/v2\/users\/1"}],"replies":[{"embeddable":true,"href":"https:\/\/luxuryportugal.pt\/index.php?rest_route=%2Fwp%2Fv2%2Fcomments&post=2859"}],"version-history":[{"count":473,"href":"https:\/\/luxuryportugal.pt\/index.php?rest_route=\/wp\/v2\/pages\/2859\/revisions"}],"predecessor-version":[{"id":7418,"href":"https:\/\/luxuryportugal.pt\/index.php?rest_route=\/wp\/v2\/pages\/2859\/revisions\/7418"}],"up":[{"embeddable":true,"href":"https:\/\/luxuryportugal.pt\/index.php?rest_route=\/wp\/v2\/pages\/445"}],"wp:attachment":[{"href":"https:\/\/luxuryportugal.pt\/index.php?rest_route=%2Fwp%2Fv2%2Fmedia&parent=2859"}],"curies":[{"name":"wp","href":"https:\/\/api.w.org\/{rel}","templated":true}]}}