{"id":7868,"date":"2026-02-20T10:38:27","date_gmt":"2026-02-20T10:38:27","guid":{"rendered":"https:\/\/luxuryportugal.pt\/?post_type=product&#038;p=7868"},"modified":"2026-02-26T21:35:34","modified_gmt":"2026-02-26T21:35:34","slug":"vinho-marca-luxo-portugal","status":"publish","type":"product","link":"https:\/\/luxuryportugal.pt\/?product=vinho-marca-luxo-portugal","title":{"rendered":"VINHO LUXO &#8211; PORTUGAL"},"content":{"rendered":"<p>&nbsp;<\/p>\n<p>LUXO \u00e9 uma marca registada com curadoria exclusiva de vinhos raros provenientes de vinhas velhas e colheitas de anos excecionais proveniente de Produtores Nacionais.<\/p>\n<p>&nbsp;<\/p>\n<p>Cada edi\u00e7\u00e3o \u00e9 cuidadosamente selecionada por uma equipa de especialistas de elite, que identifica vinhos \u00fanicos \u2014 quer de pequenos produtores independentes, quer de casas centen\u00e1rias que preservam colheitas raras ao longo de d\u00e9cadas.<\/p>\n<p>&nbsp;<\/p>\n<p>Mas &#8221; LUXO vai al\u00e9m da Sele\u00e7\u00e3o &#8221;<\/p>\n<p>&nbsp;<\/p>\n<p>Cada vinho \u00e9 transformado numa verdadeira <em>obra de arte<\/em>, atrav\u00e9s da colabora\u00e7\u00e3o com artistas e criadores de diferentes \u00e1reas desde o\u00a0 processo de desenvolvimento dos r\u00f3tulos, formatos de garrafa tal como packaging sofisticados e exclusivos.<\/p>\n<p>&nbsp;<\/p>\n<p><strong>O resultado \u00e9 uma edi\u00e7\u00e3o limitada que une:<\/strong><\/p>\n<ul>\n<li>Raridade da vinha<\/li>\n<li>Singularidade da colheita<\/li>\n<li>Excel\u00eancia do vinho<\/li>\n<li>Express\u00e3o art\u00edstica no design<\/li>\n<\/ul>\n<p>&nbsp;<\/p>\n<p>&#8221; Cada garrafa LUXO \u00e9 uma pe\u00e7a de Cole\u00e7\u00e3o &#8221;<\/p>\n<p>Concebida para quem valoriza autenticidade, detalhe e exclusividade.<\/p>\n<p>&nbsp;<\/p>\n<pre id=\"tw-target-text\" class=\"tw-data-text tw-text-large tw-ta\" dir=\"ltr\" tabindex=\"-1\" role=\"text\" data-placeholder=\"Tradu\u00e7\u00e3o\" data-ved=\"2ahUKEwi29se67-eSAxVK1gIHHetJKxIQ3ewLegQIBBAW\" aria-label=\"Texto traduzido: Luxo Wine Um conceito de vinhos de ultraluxo dedicado n\u00e3o apenas \u00e0 raridade, mas \u00e0 supremacia absoluta. Enquanto a Stupendous buscava a uniformidade, a Luxo Wine busca a transcend\u00eancia. N\u00e3o apenas safras raras. N\u00e3o apenas vinhas antigas. Mas as express\u00f5es mais excepcionais e inating\u00edveis do vinho j\u00e1 produzidas. Selecionadas com precis\u00e3o cir\u00fargica e apresentadas como experi\u00eancias reservadas para os colecionadores mais exigentes do mundo. A Evolu\u00e7\u00e3o Os fundadores \u2014 en\u00f3logos, historiadores da viticultura, arquitetos de adegas particulares e um ex-corretor de informa\u00e7\u00f5es sobre vinhos finos \u2014 perceberam algo profundo: O verdadeiro ultraluxo n\u00e3o \u00e9 o pre\u00e7o. \u00c9 o acesso controlado \u00e0 perfei\u00e7\u00e3o. A Luxo Wine foi concebida como uma casa de aquisi\u00e7\u00e3o e experi\u00eancia privada que identifica Propriedades lend\u00e1rias em Graves Vinhos monumentais e estruturados Produtores de culto, com distribui\u00e7\u00e3o exclusiva, em Portugal Mas, ao contr\u00e1rio dos colecionadores tradicionais, a Luxo n\u00e3o compra em larga escala. Eles visam apenas lotes de produ\u00e7\u00e3o ultrarraros \u2014 microlotes de anos extraordin\u00e1rios em que a produ\u00e7\u00e3o ficou abaixo de 999 garrafas por edi\u00e7\u00e3o devido \u00e0 exclusividade e alta qualidade.\"><span class=\"Y2IQFc\" lang=\"pt\">\r\n\r\n<img loading=\"lazy\" decoding=\"async\" class=\"alignnone wp-image-7871 size-large\" src=\"https:\/\/www.luxuryportugal.pt\/wp-content\/uploads\/2026\/02\/IMG_20260217_151307_215-576x1024.webp\" alt=\"\" width=\"576\" height=\"1024\" srcset=\"https:\/\/www.luxuryportugal.pt\/wp-content\/uploads\/2026\/02\/IMG_20260217_151307_215-576x1024.webp 576w, https:\/\/www.luxuryportugal.pt\/wp-content\/uploads\/2026\/02\/IMG_20260217_151307_215-169x300.webp 169w, https:\/\/www.luxuryportugal.pt\/wp-content\/uploads\/2026\/02\/IMG_20260217_151307_215-768x1365.webp 768w, https:\/\/www.luxuryportugal.pt\/wp-content\/uploads\/2026\/02\/IMG_20260217_151307_215-864x1536.webp 864w, https:\/\/www.luxuryportugal.pt\/wp-content\/uploads\/2026\/02\/IMG_20260217_151307_215-400x711.webp 400w, https:\/\/www.luxuryportugal.pt\/wp-content\/uploads\/2026\/02\/IMG_20260217_151307_215.webp 1080w\" sizes=\"auto, (max-width: 576px) 100vw, 576px\" \/>\r\n\r\n\r\n<\/span><\/pre>\n","protected":false},"excerpt":{"rendered":"<p>&nbsp; LUXO \u00e9 uma marca registada com curadoria exclusiva de vinhos raros provenientes de vinhas velhas e colheitas de anos excecionais proveniente de Produtores Nacionais. &nbsp; Cada edi\u00e7\u00e3o \u00e9 cuidadosamente&#8230;<\/p>\n","protected":false},"featured_media":7869,"template":"","meta":[],"product_brand":[],"product_cat":[244],"product_tag":[455,456,460,459,457,458],"class_list":{"0":"post-7868","1":"product","2":"type-product","3":"status-publish","4":"has-post-thumbnail","6":"product_cat-vinhos-luxo-portugal","7":"product_tag-luxo-wine-portugal","8":"product_tag-vinho-luxo","9":"product_tag-vinho-luxo-portugal","10":"product_tag-vinho-mais-caro-de-portugal","11":"product_tag-vinhos-portugal","12":"product_tag-vinhos-raros-portugal","14":"first","15":"instock","16":"shipping-taxable","17":"product-type-external"},"_links":{"self":[{"href":"https:\/\/luxuryportugal.pt\/index.php?rest_route=\/wp\/v2\/product\/7868","targetHints":{"allow":["GET"]}}],"collection":[{"href":"https:\/\/luxuryportugal.pt\/index.php?rest_route=\/wp\/v2\/product"}],"about":[{"href":"https:\/\/luxuryportugal.pt\/index.php?rest_route=\/wp\/v2\/types\/product"}],"wp:featuredmedia":[{"embeddable":true,"href":"https:\/\/luxuryportugal.pt\/index.php?rest_route=\/wp\/v2\/media\/7869"}],"wp:attachment":[{"href":"https:\/\/luxuryportugal.pt\/index.php?rest_route=%2Fwp%2Fv2%2Fmedia&parent=7868"}],"wp:term":[{"taxonomy":"product_brand","embeddable":true,"href":"https:\/\/luxuryportugal.pt\/index.php?rest_route=%2Fwp%2Fv2%2Fproduct_brand&post=7868"},{"taxonomy":"product_cat","embeddable":true,"href":"https:\/\/luxuryportugal.pt\/index.php?rest_route=%2Fwp%2Fv2%2Fproduct_cat&post=7868"},{"taxonomy":"product_tag","embeddable":true,"href":"https:\/\/luxuryportugal.pt\/index.php?rest_route=%2Fwp%2Fv2%2Fproduct_tag&post=7868"}],"curies":[{"name":"wp","href":"https:\/\/api.w.org\/{rel}","templated":true}]}}