{"id":7875,"date":"2026-02-26T22:11:39","date_gmt":"2026-02-26T22:11:39","guid":{"rendered":"https:\/\/luxuryportugal.pt\/?post_type=product&#038;p=7875"},"modified":"2026-02-26T22:12:21","modified_gmt":"2026-02-26T22:12:21","slug":"stupendous-vinho-branco-portugal","status":"publish","type":"product","link":"https:\/\/luxuryportugal.pt\/?product=stupendous-vinho-branco-portugal","title":{"rendered":"Stupendous &#8211; Vinho Branco &#8211; Portugal"},"content":{"rendered":"<h2><\/h2>\n<p>STUPENDOUS \u00e9 uma marca curadoria exclusiva de vinhos de qualidade superior, provenientes de vinhas de alta qualidade.<\/p>\n<p>Cada edi\u00e7\u00e3o \u00e9 cuidadosamente selecionada por uma equipa de <em>wine lovers<\/em> e especialistas, que identifica vinhos verdadeiramente not\u00e1veis quer de pequenos produtores independentes, quer de casas centen\u00e1rias que preservam colheitas raras ao longo de d\u00e9cadas.<\/p>\n<p>&nbsp;<\/p>\n<p>O resultado \u00e9 uma edi\u00e7\u00e3o limitada que une:<\/p>\n<ul>\n<li>qualidade premium<\/li>\n<li>raridade da vinha<\/li>\n<li>singularidade da colheita<\/li>\n<li>excel\u00eancia enol\u00f3gica<\/li>\n<li>e express\u00e3o art\u00edstica no design<\/li>\n<\/ul>\n<p>Cada garrafa STUPENDOUS \u00e9 concebida para qualidade premium.<\/p>\n<p>A Edi\u00e7\u00e3o atual \u00e9 um Arinto de 2021<\/p>\n<p>&nbsp;<\/p>\n<p><img loading=\"lazy\" decoding=\"async\" class=\"alignnone wp-image-7879 size-large\" src=\"https:\/\/www.luxuryportugal.pt\/wp-content\/uploads\/2026\/02\/IMG_20260217_141635_360-576x1024.webp\" alt=\"\" width=\"576\" height=\"1024\" srcset=\"https:\/\/www.luxuryportugal.pt\/wp-content\/uploads\/2026\/02\/IMG_20260217_141635_360-576x1024.webp 576w, https:\/\/www.luxuryportugal.pt\/wp-content\/uploads\/2026\/02\/IMG_20260217_141635_360-169x300.webp 169w, https:\/\/www.luxuryportugal.pt\/wp-content\/uploads\/2026\/02\/IMG_20260217_141635_360-768x1365.webp 768w, https:\/\/www.luxuryportugal.pt\/wp-content\/uploads\/2026\/02\/IMG_20260217_141635_360-864x1536.webp 864w, https:\/\/www.luxuryportugal.pt\/wp-content\/uploads\/2026\/02\/IMG_20260217_141635_360-400x711.webp 400w, https:\/\/www.luxuryportugal.pt\/wp-content\/uploads\/2026\/02\/IMG_20260217_141635_360.webp 1080w\" sizes=\"auto, (max-width: 576px) 100vw, 576px\" \/><\/p>\n<p>&nbsp;<\/p>\n","protected":false},"excerpt":{"rendered":"<p>STUPENDOUS \u00e9 uma marca curadoria exclusiva de vinhos de qualidade superior, provenientes de vinhas de alta qualidade. Cada edi\u00e7\u00e3o \u00e9 cuidadosamente selecionada por uma equipa de wine lovers e especialistas,&#8230;<\/p>\n","protected":false},"featured_media":7878,"template":"","meta":[],"product_brand":[],"product_cat":[244],"product_tag":[],"class_list":{"0":"post-7875","1":"product","2":"type-product","3":"status-publish","4":"has-post-thumbnail","6":"product_cat-vinhos-luxo-portugal","8":"first","9":"instock","10":"shipping-taxable","11":"product-type-external"},"_links":{"self":[{"href":"https:\/\/luxuryportugal.pt\/index.php?rest_route=\/wp\/v2\/product\/7875","targetHints":{"allow":["GET"]}}],"collection":[{"href":"https:\/\/luxuryportugal.pt\/index.php?rest_route=\/wp\/v2\/product"}],"about":[{"href":"https:\/\/luxuryportugal.pt\/index.php?rest_route=\/wp\/v2\/types\/product"}],"wp:featuredmedia":[{"embeddable":true,"href":"https:\/\/luxuryportugal.pt\/index.php?rest_route=\/wp\/v2\/media\/7878"}],"wp:attachment":[{"href":"https:\/\/luxuryportugal.pt\/index.php?rest_route=%2Fwp%2Fv2%2Fmedia&parent=7875"}],"wp:term":[{"taxonomy":"product_brand","embeddable":true,"href":"https:\/\/luxuryportugal.pt\/index.php?rest_route=%2Fwp%2Fv2%2Fproduct_brand&post=7875"},{"taxonomy":"product_cat","embeddable":true,"href":"https:\/\/luxuryportugal.pt\/index.php?rest_route=%2Fwp%2Fv2%2Fproduct_cat&post=7875"},{"taxonomy":"product_tag","embeddable":true,"href":"https:\/\/luxuryportugal.pt\/index.php?rest_route=%2Fwp%2Fv2%2Fproduct_tag&post=7875"}],"curies":[{"name":"wp","href":"https:\/\/api.w.org\/{rel}","templated":true}]}}